{"id":132,"date":"2025-02-17T16:39:40","date_gmt":"2025-02-17T13:39:40","guid":{"rendered":"http:\/\/dijitos.com\/sihirlilokmalar\/?page_id=132"},"modified":"2025-04-07T14:20:21","modified_gmt":"2025-04-07T11:20:21","slug":"hakkimizda","status":"publish","type":"page","link":"http:\/\/sihirlilokmalar.com\/?page_id=132","title":{"rendered":"Hakk\u0131m\u0131zda"},"content":{"rendered":"\t<section class=\"section\" id=\"section_86653769\">\n\t\t<div class=\"bg section-bg fill bg-fill  bg-loaded\" >\n\n\t\t\t\n\t\t\t\n\t\t\t\n\n\t\t<\/div>\n\n\t\t\n\n\t\t<div class=\"section-content relative\">\n\t\t\t\n<div class=\"row\" style=\"max-width:1200px\" id=\"row-1954553661\">\n\n\t<div id=\"col-235054064\" class=\"col medium-6 small-12 large-5\"  >\n\t\t\t\t<div class=\"col-inner\"  >\n\t\t\t\n\t\t\t\n\t<div id=\"gap-641931478\" class=\"gap-element clearfix\" style=\"display:block; height:auto;\">\n\t\t\n<style>\n#gap-641931478 {\n  padding-top: 60px;\n}\n<\/style>\n\t<\/div>\n\t\n\t<div id=\"text-4024394855\" class=\"text\">\n\t\t\n<h1>Hakk\u0131m\u0131zda<\/h1>\n\t\t\n<style>\n#text-4024394855 {\n  font-size: 2.75rem;\n  color: rgb(255, 255, 255);\n}\n#text-4024394855 > * {\n  color: rgb(255, 255, 255);\n}\n<\/style>\n\t<\/div>\n\t\n\t\t<\/div>\n\t\t\t\t\t<\/div>\n\n\t\n<\/div>\n\t\t<\/div>\n\n\t\t\n<style>\n#section_86653769 {\n  padding-top: 30px;\n  padding-bottom: 30px;\n  min-height: 300px;\n  background-color: rgb(32, 32, 32);\n}\n@media (min-width:550px) {\n  #section_86653769 {\n    min-height: 400px;\n  }\n}\n<\/style>\n\t<\/section>\n\t\n\t<section class=\"section\" id=\"section_154305850\">\n\t\t<div class=\"bg section-bg fill bg-fill  bg-loaded\" >\n\n\t\t\t\n\t\t\t\n\t\t\t\n\n\t\t<\/div>\n\n\t\t\n\n\t\t<div class=\"section-content relative\">\n\t\t\t\n<div class=\"row\" style=\"max-width:1200px\" id=\"row-608107589\">\n\n\t<div id=\"col-46345585\" class=\"col small-12 large-12\"  >\n\t\t\t\t<div class=\"col-inner\"  >\n\t\t\t\n\t\t\t\n<div class=\"row align-bottom\" style=\"max-width:1200px\" id=\"row-911862996\">\n\n\t<div id=\"col-1695983095\" class=\"col medium-12 small-12 large-6\"  >\n\t\t\t\t<div class=\"col-inner\"  >\n\t\t\t\n\t\t\t\n<p>Sabahlar\u0131 doyurucu bir kahvalt\u0131 ile g\u00fcne enerjik ba\u015flamak m\u0131 istiyorsunuz? A\u00e7\u0131k b\u00fcfemizden diledi\u011finizi se\u00e7in, g\u00fcne lezzet dolu bir ba\u015flang\u0131\u00e7 yap\u0131n! \u00d6\u011fle vakti geldi\u011finde ise, \u00f6zenle haz\u0131rlanan yemeklerimizle damaklar\u0131n\u0131za \u015fenlik ya\u015fatmaya haz\u0131r\u0131z.<\/p>\n<p><strong>Sihirli Lokmalar\u2019da<\/strong> her \u00f6\u011f\u00fcn, keyif ve lezzetle bulu\u015fuyor. 11 y\u0131ld\u0131r temiz, ferah ve s\u0131cak atmosferimizde misafirlerimize en iyi hizmeti sunuyoruz. \u0130ster tek ba\u015f\u0131n\u0131za huzurlu bir mola verin, ister sevdiklerinizle birlikte keyifli anlar ya\u015fay\u0131n \u2013 buras\u0131 lezzetin b\u00fcy\u00fcl\u00fc adresi!<\/p>\n\t\t<\/div>\n\t\t\t\t\n<style>\n#col-1695983095 > .col-inner {\n  margin: 0px 0px 200px 0px;\n}\n<\/style>\n\t<\/div>\n\n\t\n\n\t<div id=\"col-39036241\" class=\"col medium-12 small-12 large-6 medium-col-first\"  >\n\t\t\t\t<div class=\"col-inner\"  >\n\t\t\t\n\t\t\t\n\n  <div class=\"banner has-hover\" id=\"banner-832431686\">\n          <div class=\"banner-inner fill\">\n        <div class=\"banner-bg fill\" >\n            <div class=\"bg fill bg-fill \"><\/div>\n                                    \n                    <\/div>\n\t\t\n        <div class=\"banner-layers container\">\n            <div class=\"fill banner-link\"><\/div>            \n        <\/div>\n      <\/div>\n\n            \n<style>\n#banner-832431686 {\n  padding-top: 400px;\n  background-color: rgb(255, 255, 255);\n}\n#banner-832431686 .bg.bg-loaded {\n  background-image: url(http:\/\/sihirlilokmalar.com\/wp-content\/uploads\/2025\/02\/2.jpg);\n}\n#banner-832431686 .bg {\n  background-position: 78% 33%;\n}\n@media (min-width:550px) {\n  #banner-832431686 {\n    padding-top: 600px;\n  }\n}\n@media (min-width:850px) {\n  #banner-832431686 {\n    padding-top: 700px;\n  }\n}\n<\/style>\n  <\/div>\n\n\n\t\t<\/div>\n\t\t\t\t\n<style>\n#col-39036241 > .col-inner {\n  padding: 0px 0px 30px 0px;\n  margin: -70px 0px 0px 0px;\n}\n@media (min-width:850px) {\n  #col-39036241 > .col-inner {\n    margin: -260px 0px 0px 0px;\n  }\n}\n<\/style>\n\t<\/div>\n\n\t\n<\/div>\n\t\t<\/div>\n\t\t\t\t\t<\/div>\n\n\t\n<\/div>\n\t\t<\/div>\n\n\t\t\n<style>\n#section_154305850 {\n  padding-top: 30px;\n  padding-bottom: 30px;\n}\n<\/style>\n\t<\/section>\n\t\n\t<section class=\"section\" id=\"section_2023258245\">\n\t\t<div class=\"bg section-bg fill bg-fill  bg-loaded\" >\n\n\t\t\t\n\t\t\t\n\t\t\t\n\n\t\t<\/div>\n\n\t\t\n\n\t\t<div class=\"section-content relative\">\n\t\t\t\n<div class=\"row\" style=\"max-width:1200px\" id=\"row-231066079\">\n\n\t<div id=\"col-1404628930\" class=\"col medium-11 small-12 large-9\"  >\n\t\t\t\t<div class=\"col-inner\"  >\n\t\t\t\n\t\t\t\n\t<div id=\"gap-2043908856\" class=\"gap-element clearfix\" style=\"display:block; height:auto;\">\n\t\t\n<style>\n#gap-2043908856 {\n  padding-top: 30px;\n}\n<\/style>\n\t<\/div>\n\t\n\n  <div class=\"banner has-hover\" id=\"banner-337973295\">\n          <div class=\"banner-inner fill\">\n        <div class=\"banner-bg fill\" >\n            <div class=\"bg fill bg-fill \"><\/div>\n                        <div class=\"overlay\"><\/div>            \n\t<div class=\"is-border\"\n\t\tstyle=\"border-width:0px 0px 0px 0px;margin:0px 0px 0px 0px;\">\n\t<\/div>\n                    <\/div>\n\t\t\n        <div class=\"banner-layers container\">\n            <div class=\"fill banner-link\"><\/div>            \n        <\/div>\n      <\/div>\n\n            \n<style>\n#banner-337973295 {\n  padding-top: 300px;\n  background-color: rgb(249, 245, 229);\n}\n#banner-337973295 .bg.bg-loaded {\n  background-image: url(http:\/\/sihirlilokmalar.com\/wp-content\/uploads\/2025\/04\/DSCF6832-scaled.jpeg);\n}\n#banner-337973295 .overlay {\n  background-color: rgba(0, 0, 0, 0.291);\n}\n#banner-337973295 .bg {\n  background-position: 82% 33%;\n}\n@media (min-width:550px) {\n  #banner-337973295 {\n    padding-top: 500px;\n  }\n}\n<\/style>\n  <\/div>\n\n\n\t\t<\/div>\n\t\t\t\t\t<\/div>\n\n\t\n<\/div>\n<div class=\"row align-right\" style=\"max-width:1200px\" id=\"row-808220294\">\n\n\t<div id=\"col-1450847892\" class=\"col medium-8 small-12 large-6\"  >\n\t\t\t\t<div class=\"col-inner\" style=\"background-color:rgb(255, 255, 255);\" >\n\t\t\t\n\t\t\t\n\t<div id=\"text-3721314120\" class=\"text\">\n\t\t\n<h3>Kahvalt\u0131dan \u00f6\u011fleye, lezzet sende!<\/h3>\n\t\t\n<style>\n#text-3721314120 {\n  font-size: 1.5rem;\n}\n<\/style>\n\t<\/div>\n\t\n<p>\u015eeflerimizin \u00f6zenle haz\u0131rlad\u0131\u011f\u0131 yemekler aras\u0131ndan se\u00e7iminizi yap\u0131n, s\u0131cak ve samimi atmosferde keyifli bir \u00f6\u011fle yeme\u011fi deneyimi ya\u015fay\u0131n.<\/p>\n\t\t<\/div>\n\t\t\t\t\n<style>\n#col-1450847892 > .col-inner {\n  padding: 10% 10% 10% 10%;\n  margin: -42px -42px 0px 0px;\n}\n@media (min-width:550px) {\n  #col-1450847892 > .col-inner {\n    margin: -317px -42px 0px 0px;\n  }\n}\n<\/style>\n\t<\/div>\n\n\t\n<\/div>\n\t\t<\/div>\n\n\t\t\n<style>\n#section_2023258245 {\n  padding-top: 40px;\n  padding-bottom: 40px;\n  background-color: rgb(127, 9, 9);\n}\n@media (min-width:550px) {\n  #section_2023258245 {\n    padding-top: 80px;\n    padding-bottom: 80px;\n  }\n}\n@media (min-width:850px) {\n  #section_2023258245 {\n    padding-top: 100px;\n    padding-bottom: 100px;\n  }\n}\n<\/style>\n\t<\/section>\n\t\n\t<section class=\"section\" id=\"section_1744286927\">\n\t\t<div class=\"bg section-bg fill bg-fill  bg-loaded\" >\n\n\t\t\t\n\t\t\t\n\t\t\t\n\n\t\t<\/div>\n\n\t\t\n\n\t\t<div class=\"section-content relative\">\n\t\t\t\n\t<div id=\"gap-1315686906\" class=\"gap-element clearfix\" style=\"display:block; height:auto;\">\n\t\t\n<style>\n#gap-1315686906 {\n  padding-top: 30px;\n}\n<\/style>\n\t<\/div>\n\t\n<div class=\"row\" style=\"max-width:1200px\" id=\"row-1004064820\">\n\n\t<div id=\"col-1945206152\" class=\"col medium-6 small-12 large-6\"  >\n\t\t\t\t<div class=\"col-inner\"  >\n\t\t\t\n\t\t\t\n\n  <div class=\"banner has-hover\" id=\"banner-1887551812\">\n          <div class=\"banner-inner fill\">\n        <div class=\"banner-bg fill\" >\n            <div class=\"bg fill bg-fill \"><\/div>\n                                    \n                    <\/div>\n\t\t\n        <div class=\"banner-layers container\">\n            <div class=\"fill banner-link\"><\/div>            \n        <\/div>\n      <\/div>\n\n            \n<style>\n#banner-1887551812 {\n  padding-top: 400px;\n  background-color: rgb(255, 255, 255);\n}\n#banner-1887551812 .bg.bg-loaded {\n  background-image: url(http:\/\/sihirlilokmalar.com\/wp-content\/uploads\/2025\/04\/47-1-819x1024.jpg);\n}\n#banner-1887551812 .bg {\n  background-position: 42% 11%;\n}\n@media (min-width:550px) {\n  #banner-1887551812 {\n    padding-top: 600px;\n  }\n}\n<\/style>\n  <\/div>\n\n\n\t<div id=\"gap-1621297299\" class=\"gap-element clearfix\" style=\"display:block; height:auto;\">\n\t\t\n<style>\n#gap-1621297299 {\n  padding-top: 30px;\n}\n@media (min-width:550px) {\n  #gap-1621297299 {\n    padding-top: 100px;\n  }\n}\n<\/style>\n\t<\/div>\n\t\n\t<div id=\"text-429522219\" class=\"text\">\n\t\t\n<h2>Lezzeti Kendi Zevkinize G\u00f6re Tamamlay\u0131n!<\/h2>\n\t\t\n<style>\n#text-429522219 {\n  font-size: 1.35rem;\n}\n<\/style>\n\t<\/div>\n\t\n<p>Taptaze malzemelerle, \u00f6zenle haz\u0131rlanan lezzetler taba\u011f\u0131n\u0131za geliyor. S\u0131cak, doyurucu ve tam k\u0131vam\u0131nda bir \u00f6\u011fle yeme\u011fi i\u00e7in biz haz\u0131r\u0131z!<\/p>\n\t\t<\/div>\n\t\t\t\t\n<style>\n#col-1945206152 > .col-inner {\n  padding: 0px 0px 0px 1px;\n}\n@media (min-width:850px) {\n  #col-1945206152 > .col-inner {\n    padding: 50px 50px 50px 0px;\n  }\n}\n<\/style>\n\t<\/div>\n\n\t\n\n\t<div id=\"col-562727467\" class=\"col medium-6 small-12 large-6\"  >\n\t\t\t\t<div class=\"col-inner\"  >\n\t\t\t\n\t\t\t\n\t<div id=\"text-460191687\" class=\"text\">\n\t\t\n<h2>\u00d6\u011flen Yeme\u011fi<\/h2>\n\t\t\n<style>\n#text-460191687 {\n  font-size: 1.5rem;\n}\n<\/style>\n\t<\/div>\n\t\n<p>Yo\u011fun g\u00fcnlerin en g\u00fczel an\u0131, iyi bir yemek molas\u0131d\u0131r! Sihirli Lokmalar\u2019da g\u00fcnl\u00fck taze haz\u0131rlanan yemeklerden diledi\u011finizi se\u00e7in, s\u0131cak ve samimi bir ortamda keyifli bir \u00f6\u011fle yeme\u011fi deneyimi ya\u015fay\u0131n.<\/p>\n\t<div id=\"gap-1264598445\" class=\"gap-element clearfix\" style=\"display:block; height:auto;\">\n\t\t\n<style>\n#gap-1264598445 {\n  padding-top: 30px;\n}\n@media (min-width:550px) {\n  #gap-1264598445 {\n    padding-top: 80px;\n  }\n}\n<\/style>\n\t<\/div>\n\t\n\n  <div class=\"banner has-hover\" id=\"banner-701554747\">\n          <div class=\"banner-inner fill\">\n        <div class=\"banner-bg fill\" >\n            <div class=\"bg fill bg-fill \"><\/div>\n                                    \n                    <\/div>\n\t\t\n        <div class=\"banner-layers container\">\n            <div class=\"fill banner-link\"><\/div>            \n        <\/div>\n      <\/div>\n\n            \n<style>\n#banner-701554747 {\n  padding-top: 400px;\n  background-color: rgb(255, 255, 255);\n}\n#banner-701554747 .bg.bg-loaded {\n  background-image: url(http:\/\/sihirlilokmalar.com\/wp-content\/uploads\/2025\/04\/65-819x1024.jpg);\n}\n#banner-701554747 .bg {\n  background-position: 47% 26%;\n}\n@media (min-width:550px) {\n  #banner-701554747 {\n    padding-top: 600px;\n  }\n}\n<\/style>\n  <\/div>\n\n\n\t\t<\/div>\n\t\t\t\t\n<style>\n#col-562727467 > .col-inner {\n  padding: 0px 0px 0px 0;\n}\n@media (min-width:550px) {\n  #col-562727467 > .col-inner {\n    padding: 50px 0px 0px 20px;\n  }\n}\n@media (min-width:850px) {\n  #col-562727467 > .col-inner {\n    padding: 50px 0px 0px 50px;\n  }\n}\n<\/style>\n\t<\/div>\n\n\t\n<\/div>\n\t\t<\/div>\n\n\t\t\n<style>\n#section_1744286927 {\n  padding-top: 70px;\n  padding-bottom: 70px;\n}\n<\/style>\n\t<\/section>\n\t\n","protected":false},"excerpt":{"rendered":"","protected":false},"author":1,"featured_media":0,"parent":0,"menu_order":0,"comment_status":"closed","ping_status":"closed","template":"page-transparent-header-light.php","meta":{"footnotes":""},"class_list":["post-132","page","type-page","status-publish","hentry"],"_links":{"self":[{"href":"http:\/\/sihirlilokmalar.com\/index.php?rest_route=\/wp\/v2\/pages\/132","targetHints":{"allow":["GET"]}}],"collection":[{"href":"http:\/\/sihirlilokmalar.com\/index.php?rest_route=\/wp\/v2\/pages"}],"about":[{"href":"http:\/\/sihirlilokmalar.com\/index.php?rest_route=\/wp\/v2\/types\/page"}],"author":[{"embeddable":true,"href":"http:\/\/sihirlilokmalar.com\/index.php?rest_route=\/wp\/v2\/users\/1"}],"replies":[{"embeddable":true,"href":"http:\/\/sihirlilokmalar.com\/index.php?rest_route=%2Fwp%2Fv2%2Fcomments&post=132"}],"version-history":[{"count":8,"href":"http:\/\/sihirlilokmalar.com\/index.php?rest_route=\/wp\/v2\/pages\/132\/revisions"}],"predecessor-version":[{"id":224,"href":"http:\/\/sihirlilokmalar.com\/index.php?rest_route=\/wp\/v2\/pages\/132\/revisions\/224"}],"wp:attachment":[{"href":"http:\/\/sihirlilokmalar.com\/index.php?rest_route=%2Fwp%2Fv2%2Fmedia&parent=132"}],"curies":[{"name":"wp","href":"https:\/\/api.w.org\/{rel}","templated":true}]}}