{"id":140,"date":"2025-02-17T16:41:34","date_gmt":"2025-02-17T13:41:34","guid":{"rendered":"http:\/\/dijitos.com\/sihirlilokmalar\/?page_id=140"},"modified":"2025-02-17T18:09:41","modified_gmt":"2025-02-17T15:09:41","slug":"iletisim","status":"publish","type":"page","link":"http:\/\/sihirlilokmalar.com\/?page_id=140","title":{"rendered":"\u0130leti\u015fim"},"content":{"rendered":"<div class=\"row row-collapse row-full-width\"  id=\"row-2109088248\">\n\n\t<div id=\"col-1157404719\" class=\"col small-12 large-12\"  >\n\t\t\t\t<div class=\"col-inner\"  >\n\t\t\t\n\t\t\t\n\t<section class=\"section\" id=\"section_1412519288\">\n\t\t<div class=\"bg section-bg fill bg-fill  \" >\n\n\t\t\t\n\t\t\t<div class=\"section-bg-overlay absolute fill\"><\/div>\n\t\t\t\n\n\t\t<\/div>\n\n\t\t\n\n\t\t<div class=\"section-content relative\">\n\t\t\t\n<div class=\"row row-collapse align-center\" style=\"max-width:\" id=\"row-609669892\">\n\n\t<div id=\"col-1785794631\" class=\"col small-12 large-12\"  >\n\t\t\t\t<div class=\"col-inner text-center dark\"  >\n\t\t\t\n\t\t\t\n<h1><span style=\"font-size: 250%;\">\u0130leti\u015fim<\/span><\/h1>\n\t\t<\/div>\n\t\t\t\t\n<style>\n#col-1785794631 > .col-inner {\n  padding: 100px 20px 200px 0px;\n}\n@media (min-width:550px) {\n  #col-1785794631 > .col-inner {\n    padding: 100px 0px 200px 0px;\n  }\n}\n<\/style>\n\t<\/div>\n\n\t\n<\/div>\n\t\t<\/div>\n\n\t\t\n<style>\n#section_1412519288 {\n  padding-top: 0px;\n  padding-bottom: 0px;\n  min-height: 0px;\n}\n#section_1412519288 .section-bg-overlay {\n  background-color: rgba(0, 0, 0, 0.12);\n}\n#section_1412519288 .section-bg.bg-loaded {\n  background-image: url(http:\/\/sihirlilokmalar.com\/wp-content\/uploads\/2025\/02\/DSCF6855-scaled.jpg);\n}\n#section_1412519288 .section-bg {\n  background-position: 55% 100%;\n}\n@media (min-width:550px) {\n  #section_1412519288 {\n    padding-top: 0px;\n    padding-bottom: 0px;\n  }\n  #section_1412519288 .section-bg-overlay {\n    background-color: rgba(0, 0, 0, 0.21);\n  }\n}\n@media (min-width:850px) {\n  #section_1412519288 {\n    padding-top: 100px;\n    padding-bottom: 100px;\n  }\n  #section_1412519288 .section-bg-overlay {\n    background-color: rgba(0, 0, 0, 0.314);\n  }\n}\n<\/style>\n\t<\/section>\n\t\n\t\t<\/div>\n\t\t\t\t\n<style>\n#col-1157404719 > .col-inner {\n  padding: 0px 30px 0px 30px;\n}\n<\/style>\n\t<\/div>\n\n\t\n<\/div>\n<div class=\"row row-large\" style=\"max-width:1400px\" id=\"row-1885186356\">\n\n\t<div id=\"col-893476895\" class=\"col small-12 large-12\"  >\n\t\t\t\t<div class=\"col-inner\" style=\"background-color:rgb(255, 255, 255);\" >\n\t\t\t\n\t\t\t\n<div class=\"row row-collapse row-full-width\"  id=\"row-1069216347\">\n\n\t<div id=\"col-209357212\" class=\"col medium-12 small-12 large-6\"  >\n\t\t\t\t<div class=\"col-inner\"  >\n\t\t\t\n\t\t\t\n<div class=\"row\"  id=\"row-518267679\">\n\n\t<div id=\"col-875039234\" class=\"col medium-6 small-12 large-6\"  >\n\t\t\t\t<div class=\"col-inner\"  >\n\t\t\t\n\t\t\t\n\t<div class=\"img has-hover x md-x lg-x y md-y lg-y\" id=\"image_524678316\">\n\t\t\t\t\t\t\t\t<div class=\"img-inner dark\" >\n\t\t\t<img loading=\"lazy\" decoding=\"async\" width=\"240\" height=\"240\" src=\"http:\/\/sihirlilokmalar.com\/wp-content\/uploads\/2025\/02\/map-pin-2-fill-2.png\" class=\"attachment-large size-large\" alt=\"\" srcset=\"http:\/\/sihirlilokmalar.com\/wp-content\/uploads\/2025\/02\/map-pin-2-fill-2.png 240w, http:\/\/sihirlilokmalar.com\/wp-content\/uploads\/2025\/02\/map-pin-2-fill-2-150x150.png 150w\" sizes=\"auto, (max-width: 240px) 100vw, 240px\" \/>\t\t\t\t\t\t\n\t\t\t\t\t<\/div>\n\t\t\t\t\t\t\t\t\n<style>\n#image_524678316 {\n  width: 15%;\n}\n@media (min-width:550px) {\n  #image_524678316 {\n    width: 20%;\n  }\n}\n<\/style>\n\t<\/div>\n\t\n<h3><span style=\"font-size: 120%;\">Adres<\/span><\/h3>\n<p>Maslak Mahallesi Eskib\u00fcy\u00fck Dere Cad. ORJ\u0130N \u0130\u015f Merkezi, NO:27\/23, 34396 Sar\u0131yer\/\u0130stanbul<\/p>\n\t\t<\/div>\n\t\t\t\t\t<\/div>\n\n\t\n\n\t<div id=\"col-1397842138\" class=\"col medium-5 small-12 large-6\"  >\n\t\t\t\t<div class=\"col-inner\"  >\n\t\t\t\n\t\t\t\n\t<div class=\"img has-hover x md-x lg-x y md-y lg-y\" id=\"image_1456703596\">\n\t\t\t\t\t\t\t\t<div class=\"img-inner dark\" >\n\t\t\t<img loading=\"lazy\" decoding=\"async\" width=\"240\" height=\"240\" src=\"http:\/\/sihirlilokmalar.com\/wp-content\/uploads\/2025\/02\/time-fill.png\" class=\"attachment-large size-large\" alt=\"\" srcset=\"http:\/\/sihirlilokmalar.com\/wp-content\/uploads\/2025\/02\/time-fill.png 240w, http:\/\/sihirlilokmalar.com\/wp-content\/uploads\/2025\/02\/time-fill-150x150.png 150w\" sizes=\"auto, (max-width: 240px) 100vw, 240px\" \/>\t\t\t\t\t\t\n\t\t\t\t\t<\/div>\n\t\t\t\t\t\t\t\t\n<style>\n#image_1456703596 {\n  width: 15%;\n}\n@media (min-width:550px) {\n  #image_1456703596 {\n    width: 20%;\n  }\n}\n<\/style>\n\t<\/div>\n\t\n<h3><span style=\"font-size: 120%;\">\u00c7al\u0131\u015fma Saatleri<\/span><\/h3>\n<p>Hafta \u0130\u00e7i: 7:00 &#8211; 15:00<br \/>Hafta Sonu: Kapal\u0131<\/p>\n\t\t<\/div>\n\t\t\t\t\t<\/div>\n\n\t\n<\/div>\n<div class=\"row\"  id=\"row-24207083\">\n\n\t<div id=\"col-2066799729\" class=\"col medium-6 small-12 large-6\"  >\n\t\t\t\t<div class=\"col-inner\"  >\n\t\t\t\n\t\t\t\n\t<div class=\"img has-hover x md-x lg-x y md-y lg-y\" id=\"image_194192329\">\n\t\t\t\t\t\t\t\t<div class=\"img-inner dark\" >\n\t\t\t<img loading=\"lazy\" decoding=\"async\" width=\"240\" height=\"240\" src=\"http:\/\/sihirlilokmalar.com\/wp-content\/uploads\/2025\/02\/mail-open-fill.png\" class=\"attachment-large size-large\" alt=\"\" srcset=\"http:\/\/sihirlilokmalar.com\/wp-content\/uploads\/2025\/02\/mail-open-fill.png 240w, http:\/\/sihirlilokmalar.com\/wp-content\/uploads\/2025\/02\/mail-open-fill-150x150.png 150w\" sizes=\"auto, (max-width: 240px) 100vw, 240px\" \/>\t\t\t\t\t\t\n\t\t\t\t\t<\/div>\n\t\t\t\t\t\t\t\t\n<style>\n#image_194192329 {\n  width: 15%;\n}\n@media (min-width:550px) {\n  #image_194192329 {\n    width: 20%;\n  }\n}\n<\/style>\n\t<\/div>\n\t\n<h3><span style=\"font-size: 120%;\">E-mail<\/span><\/h3>\n<p>sihirlilokmala@&#8230;<\/p>\n\t\t<\/div>\n\t\t\t\t\t<\/div>\n\n\t\n\n\t<div id=\"col-1106689188\" class=\"col medium-6 small-12 large-6\"  >\n\t\t\t\t<div class=\"col-inner\"  >\n\t\t\t\n\t\t\t\n\t<div class=\"img has-hover x md-x lg-x y md-y lg-y\" id=\"image_227941822\">\n\t\t\t\t\t\t\t\t<div class=\"img-inner dark\" >\n\t\t\t<img loading=\"lazy\" decoding=\"async\" width=\"240\" height=\"240\" src=\"http:\/\/sihirlilokmalar.com\/wp-content\/uploads\/2025\/02\/phone-fill.png\" class=\"attachment-large size-large\" alt=\"\" srcset=\"http:\/\/sihirlilokmalar.com\/wp-content\/uploads\/2025\/02\/phone-fill.png 240w, http:\/\/sihirlilokmalar.com\/wp-content\/uploads\/2025\/02\/phone-fill-150x150.png 150w\" sizes=\"auto, (max-width: 240px) 100vw, 240px\" \/>\t\t\t\t\t\t\n\t\t\t\t\t<\/div>\n\t\t\t\t\t\t\t\t\n<style>\n#image_227941822 {\n  width: 15%;\n}\n@media (min-width:550px) {\n  #image_227941822 {\n    width: 20%;\n  }\n}\n<\/style>\n\t<\/div>\n\t\n<h3><span style=\"font-size: 120%;\">Telefon<\/span><\/h3>\n<p>0800 123678<\/p>\n\t\t<\/div>\n\t\t\t\t\t<\/div>\n\n\t\n<\/div>\n\t\t<\/div>\n\t\t\t\t\n<style>\n#col-209357212 > .col-inner {\n  padding: 0px 0px 0px 20px;\n}\n<\/style>\n\t<\/div>\n\n\t\n\n\t<div id=\"col-1562355438\" class=\"col medium-12 small-12 large-6\"  >\n\t\t\t\t<div class=\"col-inner\"  >\n\t\t\t\n\t\t\t\n<h2><span style=\"font-size: 110%;\">Sorular\u0131n\u0131z \u0130\u00e7in Bizimle \u0130leti\u015fime Ge\u00e7ebilirsiniz<\/span><\/h2>\n\t<div id=\"gap-1214240154\" class=\"gap-element clearfix\" style=\"display:block; height:auto;\">\n\t\t\n<style>\n#gap-1214240154 {\n  padding-top: 20px;\n}\n@media (min-width:550px) {\n  #gap-1214240154 {\n    padding-top: 20px;\n  }\n}\n@media (min-width:850px) {\n  #gap-1214240154 {\n    padding-top: 30px;\n  }\n}\n<\/style>\n\t<\/div>\n\t\n[contact-form-7 id=&#8221;514&#8243;]\n\t\t<\/div>\n\t\t\t\t\t<\/div>\n\n\t\n\n<style>\n#row-1069216347 > .col > .col-inner {\n  padding: 0px 15px 0px 15px;\n}\n<\/style>\n<\/div>\n\t\t<\/div>\n\t\t\t\t\n<style>\n#col-893476895 > .col-inner {\n  padding: 50px 20px 0px 20px;\n  margin: -0 0px 0px 0px;\n}\n@media (min-width:550px) {\n  #col-893476895 > .col-inner {\n    padding: 50px 20px 30px 20px;\n    margin: 0 0px 0px 0px;\n  }\n}\n@media (min-width:850px) {\n  #col-893476895 > .col-inner {\n    padding: 66px 5% 16px 5%;\n    margin: -135px 0px 0px 0px;\n  }\n}\n<\/style>\n\t<\/div>\n\n\t\n<\/div>\n","protected":false},"excerpt":{"rendered":"","protected":false},"author":1,"featured_media":0,"parent":0,"menu_order":0,"comment_status":"closed","ping_status":"closed","template":"page-transparent-header-light.php","meta":{"footnotes":""},"class_list":["post-140","page","type-page","status-publish","hentry"],"_links":{"self":[{"href":"http:\/\/sihirlilokmalar.com\/index.php?rest_route=\/wp\/v2\/pages\/140","targetHints":{"allow":["GET"]}}],"collection":[{"href":"http:\/\/sihirlilokmalar.com\/index.php?rest_route=\/wp\/v2\/pages"}],"about":[{"href":"http:\/\/sihirlilokmalar.com\/index.php?rest_route=\/wp\/v2\/types\/page"}],"author":[{"embeddable":true,"href":"http:\/\/sihirlilokmalar.com\/index.php?rest_route=\/wp\/v2\/users\/1"}],"replies":[{"embeddable":true,"href":"http:\/\/sihirlilokmalar.com\/index.php?rest_route=%2Fwp%2Fv2%2Fcomments&post=140"}],"version-history":[{"count":5,"href":"http:\/\/sihirlilokmalar.com\/index.php?rest_route=\/wp\/v2\/pages\/140\/revisions"}],"predecessor-version":[{"id":169,"href":"http:\/\/sihirlilokmalar.com\/index.php?rest_route=\/wp\/v2\/pages\/140\/revisions\/169"}],"wp:attachment":[{"href":"http:\/\/sihirlilokmalar.com\/index.php?rest_route=%2Fwp%2Fv2%2Fmedia&parent=140"}],"curies":[{"name":"wp","href":"https:\/\/api.w.org\/{rel}","templated":true}]}}