{"id":7,"date":"2024-10-01T13:34:39","date_gmt":"2024-10-01T10:34:39","guid":{"rendered":"http:\/\/galatasaraphanesi.com\/?page_id=7"},"modified":"2025-04-07T14:21:18","modified_gmt":"2025-04-07T11:21:18","slug":"ana-sayfa","status":"publish","type":"page","link":"http:\/\/sihirlilokmalar.com\/","title":{"rendered":"Ana Sayfa"},"content":{"rendered":"<div class=\"slider-wrapper relative\" id=\"slider-1892415076\" >\n    <div class=\"slider slider-nav-simple slider-nav-normal slider-nav-light slider-style-normal slider-show-nav\"\n        data-flickity-options='{\n            \"cellAlign\": \"center\",\n            \"imagesLoaded\": true,\n            \"lazyLoad\": 1,\n            \"freeScroll\": false,\n            \"wrapAround\": false,\n            \"autoPlay\": 6000,\n            \"pauseAutoPlayOnHover\" : true,\n            \"prevNextButtons\": true,\n            \"contain\" : true,\n            \"adaptiveHeight\" : true,\n            \"dragThreshold\" : 10,\n            \"percentPosition\": true,\n            \"pageDots\": false,\n            \"rightToLeft\": false,\n            \"draggable\": true,\n            \"selectedAttraction\": 0.1,\n            \"parallax\" : 2,\n            \"friction\": 0.6        }'\n        >\n        \n\n  <div class=\"banner has-hover is-full-height\" id=\"banner-1450012143\">\n          <div class=\"banner-inner fill\">\n        <div class=\"banner-bg fill\" >\n            <div class=\"bg fill bg-fill \"><\/div>\n                        <div class=\"overlay\"><\/div>            \n                    <\/div>\n\t\t\n\t<div class=\"ux-shape-divider ux-shape-divider--bottom ux-shape-divider--style-waves-opacity-3\">\n\t\t<svg viewBox=\"0 0 1000 300\" xmlns=\"http:\/\/www.w3.org\/2000\/svg\" preserveAspectRatio=\"none\">\n\t<path class=\"ux-shape-fill\" opacity=\"0.05\" d=\"M1014 264V386H206L34 300C34 300 344.42 277.16 436 221C542 156 590 160 704 209C811 255 899.11 214.94 979 346L1014 264Z\"\/>\n\t<path class=\"ux-shape-fill\" opacity=\"0.1\" d=\"M-302 55C-302 55 -66.73 263.25 50 214C178 160 283 116 353 141C445.68 174.1 534.28 256.19 588 249C692.9 235 764.52 75.94 855 131C940.61 183.09 1000 254 1000 254V328L-306 338L-302 55Z\"\/>\n\t<path class=\"ux-shape-fill\" opacity=\"0.15\" d=\"M-286 255C-286 255 -72 152 52 126C176 100 255 155 436 227C581.57 284.91 614.7 277.79 708 227C787 184 1009 3.0001 1093 164C1146 265.63 1031 293 1031 293L924 377L-288 389L-286 255Z\"\/>\n\t<path class=\"ux-shape-fill\" opacity=\"0.3\" d=\"M-24 69C-24 69 275.68 370.66 389 314C397 310 622 316 673 356C690.47 369.7 845 224 890 182C944.8 130.85 1018 92 1078 143C1154.12 207.7 1196 242 1196 242L1184 374L-28 386L-24 69Z\"\/>\n\t<path class=\"ux-shape-fill\" d=\"M-12 201C-12 201 58 284 182 258C306 232 342.29 221.23 456 264C565 305 640.82 288.36 721 249C776 222 837.5 191.31 935 253C984 284 1030 279 1030 279L1024 430L-12 440V201Z\"\/>\n<\/svg>\n\t<\/div>\n        <div class=\"banner-layers container\">\n            <div class=\"fill banner-link\"><\/div>            \n   <div id=\"text-box-826138669\" class=\"text-box banner-layer x50 md-x50 lg-x50 y50 md-y50 lg-y50 res-text\">\n                                <div class=\"text-box-content text dark text-shadow-2\">\n              \n              <div class=\"text-inner text-center\">\n                  \n<h1>A\u00e7\u0131k B\u00fcfede Se\u00e7, Lokantada Tad\u0131n\u0131 \u00c7\u0131kar!<\/h1>\n<p>Kendi kahvalt\u0131n\u0131z\u0131 diledi\u011finiz gibi olu\u015fturun, \u00f6\u011fle yeme\u011finde lezzet \u015f\u00f6lenine kat\u0131l\u0131n!<\/p>\n              <\/div>\n           <\/div>\n                            \n<style>\n#text-box-826138669 {\n  width: 78%;\n}\n#text-box-826138669 .text-box-content {\n  font-size: 125%;\n}\n@media (min-width:550px) {\n  #text-box-826138669 {\n    width: 55%;\n  }\n  #text-box-826138669 .text-box-content {\n    font-size: 99%;\n  }\n}\n<\/style>\n    <\/div>\n \n        <\/div>\n      <\/div>\n\n            \n<style>\n#banner-1450012143 {\n  padding-top: 100%;\n}\n#banner-1450012143 .bg.bg-loaded {\n  background-image: url(http:\/\/sihirlilokmalar.com\/wp-content\/uploads\/2025\/02\/DSCF6855-scaled.jpg);\n}\n#banner-1450012143 .overlay {\n  background-color: rgba(0, 0, 0, 0.512);\n}\n#banner-1450012143 .bg {\n  background-position: 19% 20%;\n}\n#banner-1450012143 .ux-shape-divider--bottom svg {\n  height: 150px;\n  --divider-width: 100%;\n}\n<\/style>\n  <\/div>\n\n\n     <\/div>\n\n     <div class=\"loading-spin dark large centered\"><\/div>\n\n\t<\/div>\n\n\n\t<div id=\"gap-1765826518\" class=\"gap-element clearfix\" style=\"display:block; height:auto;\">\n\t\t\n<style>\n#gap-1765826518 {\n  padding-top: 30px;\n}\n<\/style>\n\t<\/div>\n\t\n\n\t<div id=\"gap-1264180331\" class=\"gap-element clearfix\" style=\"display:block; height:auto;\">\n\t\t\n<style>\n#gap-1264180331 {\n  padding-top: 30px;\n}\n<\/style>\n\t<\/div>\n\t\n<div class=\"row\"  id=\"row-1154952190\">\n\n\t<div id=\"col-2089672151\" class=\"col medium-6 small-12 large-6\"  >\n\t\t\t\t<div class=\"col-inner\"  >\n\t\t\t\n\t\t\t\n<h3 style=\"text-align: center;\"><span style=\"font-size: 190%;\">Asla<\/span><\/h3>\n<p class=\"\" data-start=\"208\" data-end=\"641\"><span style=\"font-size: 105%;\">\u274c Katk\u0131 maddeleri kullanm\u0131yoruz.<\/span><br data-start=\"240\" data-end=\"243\" \/><span style=\"font-size: 105%;\">\u274c Yapay k\u0131vam verici ve koruyucu maddeler kullanm\u0131yoruz.<\/span><br data-start=\"299\" data-end=\"302\" \/><span style=\"font-size: 105%;\">\u274c Yapay lezzetlendiriciler, monosodyum, bulyon vb. kullanm\u0131yoruz.<\/span><br data-start=\"367\" data-end=\"370\" \/><span style=\"font-size: 105%;\">\u274c Glikoz, m\u0131s\u0131r \u015furubu ve suni tatland\u0131r\u0131c\u0131lar kullanm\u0131yoruz.<\/span><br data-start=\"431\" data-end=\"434\" \/><span style=\"font-size: 105%;\">\u274c G\u0131da boyas\u0131 ve renklendirici kullanm\u0131yoruz.<\/span><br data-start=\"479\" data-end=\"482\" \/><span style=\"font-size: 105%;\">\u274c Soya katk\u0131l\u0131 peynir ve s\u00fct \u00fcr\u00fcnleri kullanm\u0131yoruz.<\/span><br data-start=\"534\" data-end=\"537\" data-is-only-node=\"\" \/><span style=\"font-size: 105%;\">\u274c Konserve \u00fcr\u00fcnler kullanm\u0131yoruz.<\/span><br data-start=\"570\" data-end=\"573\" \/><span style=\"font-size: 105%;\">\u274c Margarin ve kat\u0131 ya\u011flar kullanm\u0131yoruz.<\/span><br data-start=\"613\" data-end=\"616\" \/><span style=\"font-size: 105%;\">\u274c \u0130thal et kullanm\u0131yoruz.<\/span><\/p>\n\t\t<\/div>\n\t\t\t\t\t<\/div>\n\n\t\n\n\t<div id=\"col-998793611\" class=\"col medium-6 small-12 large-6\"  >\n\t\t\t\t<div class=\"col-inner\"  >\n\t\t\t\n\t\t\t\n<h3 style=\"text-align: center;\"><span style=\"font-size: 190%;\">Daima<\/span><\/h3>\n<p><span style=\"font-size: 105%;\">\u2705 Yemeklerimizi g\u00fcnl\u00fck ve yerinde, taze \u00fcretim ile haz\u0131rl\u0131yoruz.<\/span><br data-start=\"723\" data-end=\"726\" \/><span style=\"font-size: 105%;\">\u2705 Taze sebze ve meyveler kullan\u0131yoruz.<\/span><br data-start=\"764\" data-end=\"767\" \/><span style=\"font-size: 105%;\">\u2705 S\u0131zma zeytinya\u011f\u0131 ve ay\u00e7i\u00e7ek ya\u011f\u0131 kullan\u0131yoruz.<\/span><br data-start=\"815\" data-end=\"818\" \/><span style=\"font-size: 105%;\">\u2705 Yerli \u00fcreticilerin y\u00f6resel \u00fcr\u00fcnlerini kullan\u0131yoruz.<\/span><br data-start=\"871\" data-end=\"874\" \/><span style=\"font-size: 105%;\">\u2705 %100 yerli Edirne eti kullan\u0131yoruz.<\/span><br data-start=\"911\" data-end=\"914\" \/><span style=\"font-size: 105%;\">\u2705 Yemeklerinizi buharl\u0131 f\u0131r\u0131nlarda, az ya\u011fla pi\u015firiyoruz.<\/span><br data-start=\"971\" data-end=\"974\" data-is-only-node=\"\" \/><span style=\"font-size: 105%;\">\u2705 Zengin un i\u00e7eren \u00f6zel ekmekler kullan\u0131yoruz.<\/span><\/p>\n\t\t<\/div>\n\t\t\t\t\t<\/div>\n\n\t\n<\/div>\n<div class=\"row row-collapse row-full-width\"  id=\"row-383708006\">\n\n\t<div id=\"col-1819087479\" class=\"col small-12 large-12\"  >\n\t\t\t\t<div class=\"col-inner\"  >\n\t\t\t\n\t\t\t\n\t<div id=\"gap-712897982\" class=\"gap-element clearfix\" style=\"display:block; height:auto;\">\n\t\t\n<style>\n#gap-712897982 {\n  padding-top: 70px;\n}\n<\/style>\n\t<\/div>\n\t\n<div class=\"row row-collapse\"  id=\"row-729550857\">\n\n\t<div id=\"col-1357942946\" class=\"col small-12 large-12\"  >\n\t\t\t\t<div class=\"col-inner\"  >\n\t\t\t\n\t\t\t\n<div class=\"row row-small\"  id=\"row-1178174326\">\n\n\t<div id=\"col-1942641446\" class=\"col medium-4 small-12 large-4\"  >\n\t\t\t\t<div class=\"col-inner\"  >\n\t\t\t\n\t\t\t\n\t<section class=\"section dark\" id=\"section_997608320\">\n\t\t<div class=\"bg section-bg fill bg-fill  \" >\n\n\t\t\t\n\t\t\t<div class=\"section-bg-overlay absolute fill\"><\/div>\n\t\t\t\n\n\t\t<\/div>\n\n\t\t\n\n\t\t<div class=\"section-content relative\">\n\t\t\t\n\t<div id=\"gap-1856553756\" class=\"gap-element clearfix\" style=\"display:block; height:auto;\">\n\t\t\n<style>\n#gap-1856553756 {\n  padding-top: 35px;\n}\n<\/style>\n\t<\/div>\n\t\n<div class=\"row\"  id=\"row-762789840\">\n\n\t<div id=\"col-1852267838\" class=\"col small-12 large-12\"  >\n\t\t\t\t<div class=\"col-inner text-center\"  >\n\t\t\t\n\t\t\t\n\t<div id=\"text-3680256110\" class=\"text\">\n\t\t\n<h3>A\u00e7\u0131k B\u00fcfe Kahvalt\u0131<\/h3>\n\t\t\n<style>\n#text-3680256110 {\n  font-size: 1.75rem;\n  line-height: 0.75;\n}\n<\/style>\n\t<\/div>\n\t\n\t\t<\/div>\n\t\t\t\t\n<style>\n#col-1852267838 > .col-inner {\n  padding: 300px 0px 0px 0px;\n}\n<\/style>\n\t<\/div>\n\n\t\n<\/div>\n\t\t<\/div>\n\n\t\t\n<style>\n#section_997608320 {\n  padding-top: 30px;\n  padding-bottom: 30px;\n  min-height: 300px;\n}\n#section_997608320 .section-bg-overlay {\n  background-color: rgba(0, 0, 0, 0.244);\n}\n#section_997608320 .section-bg.bg-loaded {\n  background-image: url(http:\/\/sihirlilokmalar.com\/wp-content\/uploads\/2025\/04\/14.jpg);\n}\n#section_997608320 .section-bg {\n  background-position: 59% 50%;\n}\n@media (min-width:550px) {\n  #section_997608320 {\n    min-height: 500px;\n  }\n}\n<\/style>\n\t<\/section>\n\t\n\t\t<\/div>\n\t\t\t\t\t<\/div>\n\n\t\n\n\t<div id=\"col-1241163817\" class=\"col medium-4 small-12 large-4\"  >\n\t\t\t\t<div class=\"col-inner\"  >\n\t\t\t\n\t\t\t\n\t<section class=\"section dark\" id=\"section_768698658\">\n\t\t<div class=\"bg section-bg fill bg-fill  \" >\n\n\t\t\t\n\t\t\t<div class=\"section-bg-overlay absolute fill\"><\/div>\n\t\t\t\n\n\t\t<\/div>\n\n\t\t\n\n\t\t<div class=\"section-content relative\">\n\t\t\t\n\t<div id=\"gap-1721663537\" class=\"gap-element clearfix\" style=\"display:block; height:auto;\">\n\t\t\n<style>\n#gap-1721663537 {\n  padding-top: 35px;\n}\n<\/style>\n\t<\/div>\n\t\n<div class=\"row\"  id=\"row-1435745991\">\n\n\t<div id=\"col-1344486141\" class=\"col small-12 large-12\"  >\n\t\t\t\t<div class=\"col-inner text-center\"  >\n\t\t\t\n\t\t\t\n\t<div id=\"text-3991238062\" class=\"text\">\n\t\t\n<h3>\u00d6\u011flen Yeme\u011fi<\/h3>\n\t\t\n<style>\n#text-3991238062 {\n  font-size: 1.75rem;\n  line-height: 0.75;\n}\n<\/style>\n\t<\/div>\n\t\n\t\t<\/div>\n\t\t\t\t\n<style>\n#col-1344486141 > .col-inner {\n  padding: 300px 0px 0px 0px;\n}\n<\/style>\n\t<\/div>\n\n\t\n<\/div>\n\t\t<\/div>\n\n\t\t\n<style>\n#section_768698658 {\n  padding-top: 30px;\n  padding-bottom: 30px;\n  min-height: 300px;\n}\n#section_768698658 .section-bg-overlay {\n  background-color: rgba(0, 0, 0, 0.244);\n}\n#section_768698658 .section-bg.bg-loaded {\n  background-image: url(http:\/\/sihirlilokmalar.com\/wp-content\/uploads\/2025\/04\/64.jpg);\n}\n#section_768698658 .section-bg {\n  background-position: 49% 46%;\n}\n@media (min-width:550px) {\n  #section_768698658 {\n    min-height: 500px;\n  }\n}\n<\/style>\n\t<\/section>\n\t\n\t\t<\/div>\n\t\t\t\t\t<\/div>\n\n\t\n\n\t<div id=\"col-54750799\" class=\"col medium-4 small-12 large-4\"  >\n\t\t\t\t<div class=\"col-inner\"  >\n\t\t\t\n\t\t\t\n\t<section class=\"section dark\" id=\"section_702772758\">\n\t\t<div class=\"bg section-bg fill bg-fill  \" >\n\n\t\t\t\n\t\t\t<div class=\"section-bg-overlay absolute fill\"><\/div>\n\t\t\t\n\n\t\t<\/div>\n\n\t\t\n\n\t\t<div class=\"section-content relative\">\n\t\t\t\n\t<div id=\"gap-2131404197\" class=\"gap-element clearfix\" style=\"display:block; height:auto;\">\n\t\t\n<style>\n#gap-2131404197 {\n  padding-top: 35px;\n}\n<\/style>\n\t<\/div>\n\t\n<div class=\"row\"  id=\"row-325669869\">\n\n\t<div id=\"col-211175646\" class=\"col small-12 large-12\"  >\n\t\t\t\t<div class=\"col-inner text-center\"  >\n\t\t\t\n\t\t\t\n\t<div id=\"text-1818525050\" class=\"text\">\n\t\t\n<h3>A\u00e7\u0131k B\u00fcfe Salatalar<\/h3>\n\t\t\n<style>\n#text-1818525050 {\n  font-size: 1.75rem;\n  line-height: 0.75;\n}\n<\/style>\n\t<\/div>\n\t\n\t\t<\/div>\n\t\t\t\t\n<style>\n#col-211175646 > .col-inner {\n  padding: 300px 0px 0px 0px;\n}\n<\/style>\n\t<\/div>\n\n\t\n<\/div>\n\t\t<\/div>\n\n\t\t\n<style>\n#section_702772758 {\n  padding-top: 30px;\n  padding-bottom: 30px;\n  min-height: 300px;\n}\n#section_702772758 .section-bg-overlay {\n  background-color: rgba(0, 0, 0, 0.1);\n}\n#section_702772758 .section-bg.bg-loaded {\n  background-image: url(http:\/\/sihirlilokmalar.com\/wp-content\/uploads\/2025\/04\/32.jpg);\n}\n#section_702772758 .section-bg {\n  background-position: 47% 64%;\n}\n@media (min-width:550px) {\n  #section_702772758 {\n    min-height: 500px;\n  }\n}\n<\/style>\n\t<\/section>\n\t\n\t\t<\/div>\n\t\t\t\t\t<\/div>\n\n\t\n<\/div>\n\t\t<\/div>\n\t\t\t\t\t<\/div>\n\n\t\n<\/div>\n\t<div id=\"gap-1382718733\" class=\"gap-element clearfix\" style=\"display:block; height:auto;\">\n\t\t\n<style>\n#gap-1382718733 {\n  padding-top: 55px;\n}\n<\/style>\n\t<\/div>\n\t\n\t\t<\/div>\n\t\t\t\t\t<\/div>\n\n\t\n\n<style>\n#row-383708006 > .col > .col-inner {\n  background-color: rgb(255, 255, 255);\n}\n<\/style>\n<\/div>\n\t<section class=\"section dark\" id=\"section_664717163\">\n\t\t<div class=\"bg section-bg fill bg-fill  bg-loaded\" >\n\n\t\t\t\n\t\t\t\n\t\t\t\n\n\t\t<\/div>\n\n\t\t\n\n\t\t<div class=\"section-content relative\">\n\t\t\t\n\t<div id=\"gap-2125945577\" class=\"gap-element clearfix\" style=\"display:block; height:auto;\">\n\t\t\n<style>\n#gap-2125945577 {\n  padding-top: 30px;\n}\n<\/style>\n\t<\/div>\n\t\n<div class=\"row\"  id=\"row-1175608249\">\n\n\t<div id=\"col-1801592017\" class=\"col medium-6 small-12 large-6\"  >\n\t\t\t\t<div class=\"col-inner\"  >\n\t\t\t\n\t\t\t\n\t<div id=\"text-4074496433\" class=\"text\">\n\t\t\n<h2>Hizmetlerimiz<\/h2>\n\t\t\n<style>\n#text-4074496433 {\n  font-size: 2.3rem;\n}\n<\/style>\n\t<\/div>\n\t\n\t\t<\/div>\n\t\t\t\t\t<\/div>\n\n\t\n\n\t<div id=\"col-198091960\" class=\"col medium-6 small-12 large-6\"  >\n\t\t\t\t<div class=\"col-inner\"  >\n\t\t\t\n\t\t\t\n\t<div id=\"gap-1549170052\" class=\"gap-element clearfix\" style=\"display:block; height:auto;\">\n\t\t\n<style>\n#gap-1549170052 {\n  padding-top: 5px;\n}\n<\/style>\n\t<\/div>\n\t\n\t<div id=\"text-2725715927\" class=\"text\">\n\t\t\n<p>\u015eirket Organizasyonlar\u0131 \u0130\u00e7in Catering Hizmeti<br \/>\nSihirli Lokmalar olarak, kurumsal organizasyonlar, \u015firket toplant\u0131lar\u0131, do\u011fum g\u00fcn\u00fc etkinlikleri ve \u00f6zel davetler i\u00e7in yerinde yemek servisi sunuyoruz. Lezzetli, hijyenik ve profesyonel yemek \u00e7\u00f6z\u00fcmlerimizle i\u015f yerinizde \u015f\u0131k ve doyurucu bir yemek deneyimi ya\u015fat\u0131yoruz.<br \/>\n\t\t\n<style>\n#text-2725715927 {\n  font-size: 1.05rem;\n  text-align: right;\n}\n<\/style>\n\t<\/div>\n\t\n\t\t<\/div>\n\t\t\t\t\t<\/div>\n\n\t\n<\/div>\n\t<div id=\"gap-1753851479\" class=\"gap-element clearfix\" style=\"display:block; height:auto;\">\n\t\t\n<style>\n#gap-1753851479 {\n  padding-top: 110px;\n}\n@media (min-width:550px) {\n  #gap-1753851479 {\n    padding-top: 120px;\n  }\n}\n@media (min-width:850px) {\n  #gap-1753851479 {\n    padding-top: 100px;\n  }\n}\n<\/style>\n\t<\/div>\n\t\n\t\t<\/div>\n\n\t\t\n<style>\n#section_664717163 {\n  padding-top: 60px;\n  padding-bottom: 60px;\n  background-color: rgb(146, 8, 8);\n}\n@media (min-width:850px) {\n  #section_664717163 {\n    padding-top: 30px;\n    padding-bottom: 30px;\n  }\n}\n<\/style>\n\t<\/section>\n\t\n\t<section class=\"section\" id=\"section_1271629321\">\n\t\t<div class=\"bg section-bg fill bg-fill  bg-loaded\" >\n\n\t\t\t\n\t\t\t\n\t\t\t\n\n\t\t<\/div>\n\n\t\t\n\n\t\t<div class=\"section-content relative\">\n\t\t\t\n<div class=\"row\"  id=\"row-516411652\">\n\n\t<div id=\"col-1071733496\" class=\"col small-12 large-12\"  >\n\t\t\t\t<div class=\"col-inner\"  >\n\t\t\t\n\t\t\t\n<div class=\"row align-equal\"  id=\"row-1525375496\">\n\n\t<div id=\"col-1261816109\" class=\"col medium-4 small-12 large-4\"  >\n\t\t\t\t<div class=\"col-inner\" style=\"background-color:rgb(4, 19, 33);\" >\n\t\t\t\n\t\t\t\n\n\t\t<div class=\"icon-box featured-box icon-box-center text-center\"  >\n\t\t\t\t\t<div class=\"icon-box-img\" style=\"width: 100px\">\n\t\t\t\t<div class=\"icon\">\n\t\t\t\t\t<div class=\"icon-inner\" style=\"color:rgb(217, 143, 143);\">\n\t\t\t\t\t\t<img loading=\"lazy\" decoding=\"async\" width=\"300\" height=\"300\" src=\"http:\/\/sihirlilokmalar.com\/wp-content\/uploads\/2025\/02\/corporate-1-300x300.png\" class=\"attachment-medium size-medium\" alt=\"\" srcset=\"http:\/\/sihirlilokmalar.com\/wp-content\/uploads\/2025\/02\/corporate-1-300x300.png 300w, http:\/\/sihirlilokmalar.com\/wp-content\/uploads\/2025\/02\/corporate-1-150x150.png 150w, http:\/\/sihirlilokmalar.com\/wp-content\/uploads\/2025\/02\/corporate-1.png 512w\" sizes=\"auto, (max-width: 300px) 100vw, 300px\" \/>\t\t\t\t\t<\/div>\n\t\t\t\t<\/div>\n\t\t\t<\/div>\n\t\t\t\t<div class=\"icon-box-text last-reset\">\n\t\t\t\t\t\t\t\t\t\n\t<div id=\"text-1108905799\" class=\"text\">\n\t\t\n<p><span style=\"font-size: 150%;\"><strong>Kurumsal<\/strong><\/span> <em><span style=\"font-size: 150%;\">Yemek<\/span><\/em><\/p>\n<p style=\"text-align: left;\">\u2705 <strong data-start=\"2564\" data-end=\"2586\">A\u00e7\u0131k B\u00fcfe Kahvalt\u0131<\/strong> \u2013 \u00c7e\u015fitli kahvalt\u0131 se\u00e7enekleriyle g\u00fcne keyifli ba\u015flang\u0131\u00e7.<br data-start=\"2644\" data-end=\"2647\" \/>\u2705 <strong data-start=\"2649\" data-end=\"2672\">\u00d6\u011fle Yeme\u011fi Servisi<\/strong> \u2013 Yerinde sunulan taze, s\u0131cak ve besleyici yemekler.<br data-start=\"2725\" data-end=\"2728\" \/>\u2705 <strong data-start=\"2730\" data-end=\"2758\">Do\u011fum G\u00fcn\u00fc &amp; \u00d6zel G\u00fcnler<\/strong> \u2013 Kutlamalar\u0131n\u0131za lezzet kat\u0131yoruz.<br data-start=\"2794\" data-end=\"2797\" \/>\u2705 <strong data-start=\"2799\" data-end=\"2822\">\u015eirket \u0130\u00e7i Davetler<\/strong> \u2013 Toplant\u0131 ve etkinlikler i\u00e7in \u00f6zel men\u00fcler.<\/p>\n\t\t\n<style>\n#text-1108905799 {\n  color: rgb(255, 255, 255);\n}\n#text-1108905799 > * {\n  color: rgb(255, 255, 255);\n}\n<\/style>\n\t<\/div>\n\t\n\t<div id=\"gap-266937106\" class=\"gap-element clearfix\" style=\"display:block; height:auto;\">\n\t\t\n<style>\n#gap-266937106 {\n  padding-top: 25px;\n}\n<\/style>\n\t<\/div>\n\t\n<a class=\"button alert expand\"  style=\"border-radius:99px;padding:7px 30px 7px 30px;\">\n    <span>\u0130leti\u015fim \u0130\u00e7in<\/span>\n  <\/a>\n\n\t\t<\/div>\n\t<\/div>\n\t\n\t\n\t\t<\/div>\n\t\t\t\t\t<\/div>\n\n\t\n\n\t<div id=\"col-986240408\" class=\"col medium-4 small-12 large-4\"  >\n\t\t\t\t<div class=\"col-inner\" style=\"background-color:rgb(4, 19, 33);\" >\n\t\t\t\n\t\t\t\n\n\t\t<div class=\"icon-box featured-box icon-box-center text-center\"  >\n\t\t\t\t\t<div class=\"icon-box-img\" style=\"width: 100px\">\n\t\t\t\t<div class=\"icon\">\n\t\t\t\t\t<div class=\"icon-inner\" style=\"color:rgb(217, 143, 143);\">\n\t\t\t\t\t\t<img loading=\"lazy\" decoding=\"async\" width=\"300\" height=\"300\" src=\"http:\/\/sihirlilokmalar.com\/wp-content\/uploads\/2025\/02\/corporate2-300x300.png\" class=\"attachment-medium size-medium\" alt=\"\" srcset=\"http:\/\/sihirlilokmalar.com\/wp-content\/uploads\/2025\/02\/corporate2-300x300.png 300w, http:\/\/sihirlilokmalar.com\/wp-content\/uploads\/2025\/02\/corporate2-150x150.png 150w, http:\/\/sihirlilokmalar.com\/wp-content\/uploads\/2025\/02\/corporate2.png 512w\" sizes=\"auto, (max-width: 300px) 100vw, 300px\" \/>\t\t\t\t\t<\/div>\n\t\t\t\t<\/div>\n\t\t\t<\/div>\n\t\t\t\t<div class=\"icon-box-text last-reset\">\n\t\t\t\t\t\t\t\t\t\n\t<div id=\"text-1344541471\" class=\"text\">\n\t\t\n<p><span style=\"font-size: 140%;\"><strong>Konserler, Film Setleri ve Etkinlikler<\/strong><\/span><\/p>\n<p style=\"text-align: left;\">\u2705 Hijyenik ve yeni nesil paketleme sayesinde tazeli\u011fi korunur. <br \/>\u2705 Yerinde \u0131s\u0131tma \u00e7\u00f6z\u00fcmleri ile s\u0131cak ve doyurucu yemekler. <br \/>\u2705 Standart porsiyonlama ile pratik ve kolay t\u00fcketim. <br \/>\u2705 Her ortama uygun servis \u2013 Dar alanlarda bile sorunsuz sunum.<\/p>\n\t\t\n<style>\n#text-1344541471 {\n  color: rgb(255, 255, 255);\n}\n#text-1344541471 > * {\n  color: rgb(255, 255, 255);\n}\n<\/style>\n\t<\/div>\n\t\n\t<div id=\"gap-350909889\" class=\"gap-element clearfix\" style=\"display:block; height:auto;\">\n\t\t\n<style>\n#gap-350909889 {\n  padding-top: 25px;\n}\n<\/style>\n\t<\/div>\n\t\n<a class=\"button alert expand\"  style=\"border-radius:99px;padding:7px 30px 7px 30px;\">\n    <span>\u0130leti\u015fim \u0130\u00e7in<\/span>\n  <\/a>\n\n\t\t<\/div>\n\t<\/div>\n\t\n\t\n\t\t<\/div>\n\t\t\t\t\t<\/div>\n\n\t\n\n\t<div id=\"col-1252962392\" class=\"col medium-4 small-12 large-4\"  >\n\t\t\t\t<div class=\"col-inner\" style=\"background-color:rgb(4, 19, 33);\" >\n\t\t\t\n\t\t\t\n\n\t\t<div class=\"icon-box featured-box icon-box-center text-center\"  >\n\t\t\t\t\t<div class=\"icon-box-img\" style=\"width: 100px\">\n\t\t\t\t<div class=\"icon\">\n\t\t\t\t\t<div class=\"icon-inner\" style=\"color:rgb(217, 143, 143);\">\n\t\t\t\t\t\t<img loading=\"lazy\" decoding=\"async\" width=\"300\" height=\"300\" src=\"http:\/\/sihirlilokmalar.com\/wp-content\/uploads\/2025\/02\/corporate3-300x300.png\" class=\"attachment-medium size-medium\" alt=\"\" srcset=\"http:\/\/sihirlilokmalar.com\/wp-content\/uploads\/2025\/02\/corporate3-300x300.png 300w, http:\/\/sihirlilokmalar.com\/wp-content\/uploads\/2025\/02\/corporate3-150x150.png 150w, http:\/\/sihirlilokmalar.com\/wp-content\/uploads\/2025\/02\/corporate3.png 512w\" sizes=\"auto, (max-width: 300px) 100vw, 300px\" \/>\t\t\t\t\t<\/div>\n\t\t\t\t<\/div>\n\t\t\t<\/div>\n\t\t\t\t<div class=\"icon-box-text last-reset\">\n\t\t\t\t\t\t\t\t\t\n\t<div id=\"text-146220992\" class=\"text\">\n\t\t\n<p><span style=\"font-size: 140%;\">Neden <\/span><span style=\"font-size: 140%;\"><em><strong>Sihirli Lokmalar<\/strong><\/em>?<\/span><\/p>\n<p style=\"text-align: left;\">\u2705 11 Y\u0131ll\u0131k Deneyim \u2013 Kurumsal ve bireysel yemek hizmetlerinde uzman\u0131z. <br \/>\u2705 Taze ve Do\u011fal Malzemeler \u2013 G\u00fcnl\u00fck ve kaliteli i\u00e7erikler kullan\u0131yoruz.<br \/>\u2705 Hijyenik Paketleme \u2013 Yeni nesil g\u0131da g\u00fcvenli\u011fi y\u00f6ntemleriyle.<\/p>\n\t\t\n<style>\n#text-146220992 {\n  color: rgb(255, 255, 255);\n}\n#text-146220992 > * {\n  color: rgb(255, 255, 255);\n}\n<\/style>\n\t<\/div>\n\t\n\t<div id=\"gap-1640001015\" class=\"gap-element clearfix\" style=\"display:block; height:auto;\">\n\t\t\n<style>\n#gap-1640001015 {\n  padding-top: 40px;\n}\n<\/style>\n\t<\/div>\n\t\n\t<div id=\"gap-1062347516\" class=\"gap-element clearfix\" style=\"display:block; height:auto;\">\n\t\t\n<style>\n#gap-1062347516 {\n  padding-top: 25px;\n}\n<\/style>\n\t<\/div>\n\t\n<a class=\"button alert expand\"  style=\"border-radius:99px;padding:7px 30px 7px 30px;\">\n    <span>\u0130leti\u015fim \u0130\u00e7in<\/span>\n  <\/a>\n\n\t\t<\/div>\n\t<\/div>\n\t\n\t\n\t\t<\/div>\n\t\t\t\t\t<\/div>\n\n\t\n\n<style>\n#row-1525375496 > .col > .col-inner {\n  padding: 40px 40px 50px 40px;\n  background-color: rgb(255,255,255);\n  border-radius: 15px;\n}\n@media (min-width:550px) {\n  #row-1525375496 > .col > .col-inner {\n    padding: 20px 20px 40px 20px;\n  }\n}\n@media (min-width:850px) {\n  #row-1525375496 > .col > .col-inner {\n    padding: 40px 40px 40px 40px;\n  }\n}\n<\/style>\n<\/div>\n\t\t<\/div>\n\t\t\t\t\n<style>\n#col-1071733496 > .col-inner {\n  margin: -190px 0px 0px 0px;\n}\n<\/style>\n\t<\/div>\n\n\t\n<\/div>\n\t\t<\/div>\n\n\t\t\n<style>\n#section_1271629321 {\n  padding-top: 40px;\n  padding-bottom: 40px;\n  background-color: rgb(146, 8, 8);\n}\n@media (min-width:850px) {\n  #section_1271629321 {\n    padding-top: 60px;\n    padding-bottom: 60px;\n  }\n}\n<\/style>\n\t<\/section>\n\t\n\t<div id=\"gap-1003383529\" class=\"gap-element clearfix\" style=\"display:block; height:auto;\">\n\t\t\n<style>\n#gap-1003383529 {\n  padding-top: 50px;\n}\n<\/style>\n\t<\/div>\n\t\n","protected":false},"excerpt":{"rendered":"","protected":false},"author":1,"featured_media":0,"parent":0,"menu_order":0,"comment_status":"closed","ping_status":"closed","template":"page-transparent-header-light.php","meta":{"footnotes":""},"class_list":["post-7","page","type-page","status-publish","hentry"],"_links":{"self":[{"href":"http:\/\/sihirlilokmalar.com\/index.php?rest_route=\/wp\/v2\/pages\/7","targetHints":{"allow":["GET"]}}],"collection":[{"href":"http:\/\/sihirlilokmalar.com\/index.php?rest_route=\/wp\/v2\/pages"}],"about":[{"href":"http:\/\/sihirlilokmalar.com\/index.php?rest_route=\/wp\/v2\/types\/page"}],"author":[{"embeddable":true,"href":"http:\/\/sihirlilokmalar.com\/index.php?rest_route=\/wp\/v2\/users\/1"}],"replies":[{"embeddable":true,"href":"http:\/\/sihirlilokmalar.com\/index.php?rest_route=%2Fwp%2Fv2%2Fcomments&post=7"}],"version-history":[{"count":53,"href":"http:\/\/sihirlilokmalar.com\/index.php?rest_route=\/wp\/v2\/pages\/7\/revisions"}],"predecessor-version":[{"id":225,"href":"http:\/\/sihirlilokmalar.com\/index.php?rest_route=\/wp\/v2\/pages\/7\/revisions\/225"}],"wp:attachment":[{"href":"http:\/\/sihirlilokmalar.com\/index.php?rest_route=%2Fwp%2Fv2%2Fmedia&parent=7"}],"curies":[{"name":"wp","href":"https:\/\/api.w.org\/{rel}","templated":true}]}}