{"id":96,"date":"2025-02-16T16:00:51","date_gmt":"2025-02-16T13:00:51","guid":{"rendered":"http:\/\/dijitos.com\/sihirlilokmalar\/?page_id=96"},"modified":"2025-04-07T15:41:46","modified_gmt":"2025-04-07T12:41:46","slug":"hizmetler","status":"publish","type":"page","link":"http:\/\/sihirlilokmalar.com\/?page_id=96","title":{"rendered":"Hizmetlerimiz"},"content":{"rendered":"\t<section class=\"section dark\" id=\"section_64056091\">\n\t\t<div class=\"bg section-bg fill bg-fill  bg-loaded\" >\n\n\t\t\t\n\t\t\t\n\t\t\t\n\n\t\t<\/div>\n\n\t\t\n\n\t\t<div class=\"section-content relative\">\n\t\t\t\n\t<div id=\"gap-1740830503\" class=\"gap-element clearfix\" style=\"display:block; height:auto;\">\n\t\t\n<style>\n#gap-1740830503 {\n  padding-top: 30px;\n}\n<\/style>\n\t<\/div>\n\t\n<div class=\"row\"  id=\"row-898743147\">\n\n\t<div id=\"col-965136944\" class=\"col medium-6 small-12 large-6\"  >\n\t\t\t\t<div class=\"col-inner\"  >\n\t\t\t\n\t\t\t\n\t<div id=\"text-3070795743\" class=\"text\">\n\t\t\n<h2>Hizmetlerimiz<\/h2>\n\t\t\n<style>\n#text-3070795743 {\n  font-size: 1.5rem;\n}\n<\/style>\n\t<\/div>\n\t\n\t\t<\/div>\n\t\t\t\t\t<\/div>\n\n\t\n\n\t<div id=\"col-246736390\" class=\"col medium-6 small-12 large-6\"  >\n\t\t\t\t<div class=\"col-inner\"  >\n\t\t\t\n\t\t\t\n\t<div id=\"gap-1967910199\" class=\"gap-element clearfix\" style=\"display:block; height:auto;\">\n\t\t\n<style>\n#gap-1967910199 {\n  padding-top: 5px;\n}\n<\/style>\n\t<\/div>\n\t\n\t<div id=\"text-3790076119\" class=\"text\">\n\t\t\n<p>\u015eirket Organizasyonlar\u0131 \u0130\u00e7in Catering Hizmeti<br \/>\nSihirli Lokmalar olarak, kurumsal organizasyonlar, \u015firket toplant\u0131lar\u0131, do\u011fum g\u00fcn\u00fc etkinlikleri ve \u00f6zel davetler i\u00e7in yerinde yemek servisi sunuyoruz. Lezzetli, hijyenik ve profesyonel yemek \u00e7\u00f6z\u00fcmlerimizle i\u015f yerinizde \u015f\u0131k ve doyurucu bir yemek deneyimi ya\u015fat\u0131yoruz.<\/p>\n\t\t\n<style>\n#text-3790076119 {\n  font-size: 1.05rem;\n  text-align: right;\n}\n<\/style>\n\t<\/div>\n\t\n\t\t<\/div>\n\t\t\t\t\t<\/div>\n\n\t\n<\/div>\n\t<div id=\"gap-2104834936\" class=\"gap-element clearfix\" style=\"display:block; height:auto;\">\n\t\t\n<style>\n#gap-2104834936 {\n  padding-top: 110px;\n}\n@media (min-width:550px) {\n  #gap-2104834936 {\n    padding-top: 120px;\n  }\n}\n@media (min-width:850px) {\n  #gap-2104834936 {\n    padding-top: 100px;\n  }\n}\n<\/style>\n\t<\/div>\n\t\n\t\t<\/div>\n\n\t\t\n<style>\n#section_64056091 {\n  padding-top: 60px;\n  padding-bottom: 60px;\n  background-color: rgb(146, 8, 8);\n}\n@media (min-width:850px) {\n  #section_64056091 {\n    padding-top: 100px;\n    padding-bottom: 100px;\n  }\n}\n<\/style>\n\t<\/section>\n\t\n\t<section class=\"section\" id=\"section_1052234555\">\n\t\t<div class=\"bg section-bg fill bg-fill  bg-loaded\" >\n\n\t\t\t\n\t\t\t\n\t\t\t\n\n\t\t<\/div>\n\n\t\t\n\n\t\t<div class=\"section-content relative\">\n\t\t\t\n<div class=\"row\"  id=\"row-1793361153\">\n\n\t<div id=\"col-967891297\" class=\"col small-12 large-12\"  >\n\t\t\t\t<div class=\"col-inner\"  >\n\t\t\t\n\t\t\t\n<div class=\"row\"  id=\"row-1448818763\">\n\n\t<div id=\"col-1628303202\" class=\"col small-12 large-12\"  >\n\t\t\t\t<div class=\"col-inner\" style=\"background-color:rgb(4, 19, 33);\" >\n\t\t\t\n\t\t\t\n\n\t\t<div class=\"icon-box featured-box icon-box-center text-center\"  style=\"margin:0px 0px 0px 0px;\">\n\t\t\t\t\t<div class=\"icon-box-img\" style=\"width: 121px\">\n\t\t\t\t<div class=\"icon\">\n\t\t\t\t\t<div class=\"icon-inner\" >\n\t\t\t\t\t\t<img loading=\"lazy\" decoding=\"async\" width=\"300\" height=\"300\" src=\"http:\/\/sihirlilokmalar.com\/wp-content\/uploads\/2025\/02\/corporate-1-300x300.png\" class=\"attachment-medium size-medium\" alt=\"\" srcset=\"http:\/\/sihirlilokmalar.com\/wp-content\/uploads\/2025\/02\/corporate-1-300x300.png 300w, http:\/\/sihirlilokmalar.com\/wp-content\/uploads\/2025\/02\/corporate-1-150x150.png 150w, http:\/\/sihirlilokmalar.com\/wp-content\/uploads\/2025\/02\/corporate-1.png 512w\" sizes=\"auto, (max-width: 300px) 100vw, 300px\" \/>\t\t\t\t\t<\/div>\n\t\t\t\t<\/div>\n\t\t\t<\/div>\n\t\t\t\t<div class=\"icon-box-text last-reset\">\n\t\t\t\t\t\t\t\t\t\n\t\t<\/div>\n\t<\/div>\n\t\n\t\n\t<div id=\"text-614545157\" class=\"text\">\n\t\t\n<p><span style=\"color: #f99b1c; font-size: 190%;\"><em><strong>Paket<\/strong><\/em> Servis<\/span><\/p>\n<p class=\"\" data-start=\"0\" data-end=\"302\"><span style=\"font-size: 130%;\">\u2705 Sihirli Lokmalar\u2019da kahvalt\u0131, salata ve \u00f6\u011fle yeme\u011fi se\u00e7eneklerimizi yeni nesil hijyenik paketleme y\u00f6ntemiyle haz\u0131rl\u0131yor, tazeli\u011fini koruyarak size ula\u015ft\u0131r\u0131yoruz. Lezzetli ve pratik \u00e7\u00f6z\u00fcmler art\u0131k bir telefon kadar yak\u0131n!<\/span><\/p>\n\t\t\n<style>\n#text-614545157 {\n  font-size: 0.75rem;\n  text-align: center;\n  color: rgb(255, 255, 255);\n}\n#text-614545157 > * {\n  color: rgb(255, 255, 255);\n}\n<\/style>\n\t<\/div>\n\t\n<div class=\"row\"  id=\"row-1609325001\">\n\n\t<div id=\"col-2067717939\" class=\"col medium-4 small-12 large-4\"  >\n\t\t\t\t<div class=\"col-inner\"  >\n\t\t\t\n\t\t\t\n\t\t<\/div>\n\t\t\t\t\t<\/div>\n\n\t\n\n\t<div id=\"col-1836121005\" class=\"col medium-4 small-12 large-4\"  >\n\t\t\t\t<div class=\"col-inner\"  >\n\t\t\t\n\t\t\t\n<div class=\"row\"  id=\"row-506836910\">\n\n\t<div id=\"col-972375780\" class=\"col medium-3 small-12 large-3\"  >\n\t\t\t\t<div class=\"col-inner\"  >\n\t\t\t\n\t\t\t\n\t\t<\/div>\n\t\t\t\t\t<\/div>\n\n\t\n\n\t<div id=\"col-829560932\" class=\"col medium-9 small-12 large-9\"  >\n\t\t\t\t<div class=\"col-inner\"  >\n\t\t\t\n\t\t\t\n<a href=\"tel:05326913981\" target=\"_self\" class=\"button alert lowercase\"  style=\"border-radius:10px;\">\n    <span>Sipari\u015f \u0130\u00e7in<\/span>\n  <i class=\"icon-phone\" aria-hidden=\"true\" ><\/i><\/a>\n\n\t\t<\/div>\n\t\t\t\t\t<\/div>\n\n\t\n<\/div>\n\t\t<\/div>\n\t\t\t\t\t<\/div>\n\n\t\n\n\t<div id=\"col-1448088897\" class=\"col medium-4 small-12 large-4\"  >\n\t\t\t\t<div class=\"col-inner\"  >\n\t\t\t\n\t\t\t\n\t\t<\/div>\n\t\t\t\t\t<\/div>\n\n\t\n\n<style>\n#row-1609325001 > .col > .col-inner {\n  padding: 0px 0px 0px 0px;\n}\n<\/style>\n<\/div>\n\t\t<\/div>\n\t\t\t\t\n<style>\n#col-1628303202 > .col-inner {\n  padding: 0px 0px 0px 0px;\n  border-radius: 42px;\n}\n<\/style>\n\t<\/div>\n\n\t\n<\/div>\n<div class=\"row align-equal\"  id=\"row-1199469969\">\n\n\t<div id=\"col-626299446\" class=\"col medium-4 small-12 large-4\"  >\n\t\t\t\t<div class=\"col-inner\" style=\"background-color:rgb(4, 19, 33);\" >\n\t\t\t\n\t\t\t\n\n\t\t<div class=\"icon-box featured-box icon-box-center text-center\"  >\n\t\t\t\t\t<div class=\"icon-box-img\" style=\"width: 100px\">\n\t\t\t\t<div class=\"icon\">\n\t\t\t\t\t<div class=\"icon-inner\" style=\"color:rgb(217, 143, 143);\">\n\t\t\t\t\t\t<img loading=\"lazy\" decoding=\"async\" width=\"300\" height=\"300\" src=\"http:\/\/sihirlilokmalar.com\/wp-content\/uploads\/2025\/02\/corporate-1-300x300.png\" class=\"attachment-medium size-medium\" alt=\"\" srcset=\"http:\/\/sihirlilokmalar.com\/wp-content\/uploads\/2025\/02\/corporate-1-300x300.png 300w, http:\/\/sihirlilokmalar.com\/wp-content\/uploads\/2025\/02\/corporate-1-150x150.png 150w, http:\/\/sihirlilokmalar.com\/wp-content\/uploads\/2025\/02\/corporate-1.png 512w\" sizes=\"auto, (max-width: 300px) 100vw, 300px\" \/>\t\t\t\t\t<\/div>\n\t\t\t\t<\/div>\n\t\t\t<\/div>\n\t\t\t\t<div class=\"icon-box-text last-reset\">\n\t\t\t\t\t\t\t\t\t\n\t<div id=\"text-1625369107\" class=\"text\">\n\t\t\n<p><span style=\"font-size: 120%; color: #f99b1c;\"><strong>Kurumsal<\/strong> <em>Yemek<\/em><\/span><\/p>\n<p style=\"text-align: left;\">\u2705 <strong data-start=\"2564\" data-end=\"2586\">A\u00e7\u0131k B\u00fcfe Kahvalt\u0131<\/strong> \u2013 \u00c7e\u015fitli kahvalt\u0131 se\u00e7enekleriyle g\u00fcne keyifli ba\u015flang\u0131\u00e7.<br data-start=\"2644\" data-end=\"2647\" \/>\u2705 <strong data-start=\"2649\" data-end=\"2672\">\u00d6\u011fle Yeme\u011fi Servisi<\/strong> \u2013 Yerinde sunulan taze, s\u0131cak ve besleyici yemekler.<br data-start=\"2725\" data-end=\"2728\" \/>\u2705 <strong data-start=\"2730\" data-end=\"2758\">Do\u011fum G\u00fcn\u00fc &amp; \u00d6zel G\u00fcnler<\/strong> \u2013 Kutlamalar\u0131n\u0131za lezzet kat\u0131yoruz.<br data-start=\"2794\" data-end=\"2797\" \/>\u2705 <strong data-start=\"2799\" data-end=\"2822\">\u015eirket \u0130\u00e7i Davetler<\/strong> \u2013 Toplant\u0131 ve etkinlikler i\u00e7in \u00f6zel men\u00fcler.<\/p>\n\t\t\n<style>\n#text-1625369107 {\n  color: rgb(255, 255, 255);\n}\n#text-1625369107 > * {\n  color: rgb(255, 255, 255);\n}\n<\/style>\n\t<\/div>\n\t\n\t<div id=\"gap-1127024196\" class=\"gap-element clearfix\" style=\"display:block; height:auto;\">\n\t\t\n<style>\n#gap-1127024196 {\n  padding-top: 25px;\n}\n<\/style>\n\t<\/div>\n\t\n<a class=\"button alert expand\"  style=\"border-radius:99px;padding:7px 30px 7px 30px;\">\n    <span>\u0130leti\u015fim \u0130\u00e7in<\/span>\n  <\/a>\n\n\t\t<\/div>\n\t<\/div>\n\t\n\t\n\t\t<\/div>\n\t\t\t\t\t<\/div>\n\n\t\n\n\t<div id=\"col-2133241672\" class=\"col medium-4 small-12 large-4\"  >\n\t\t\t\t<div class=\"col-inner\" style=\"background-color:rgb(4, 19, 33);\" >\n\t\t\t\n\t\t\t\n\n\t\t<div class=\"icon-box featured-box icon-box-center text-center\"  >\n\t\t\t\t\t<div class=\"icon-box-img\" style=\"width: 100px\">\n\t\t\t\t<div class=\"icon\">\n\t\t\t\t\t<div class=\"icon-inner\" style=\"color:rgb(217, 143, 143);\">\n\t\t\t\t\t\t<img loading=\"lazy\" decoding=\"async\" width=\"300\" height=\"300\" src=\"http:\/\/sihirlilokmalar.com\/wp-content\/uploads\/2025\/02\/corporate2-300x300.png\" class=\"attachment-medium size-medium\" alt=\"\" srcset=\"http:\/\/sihirlilokmalar.com\/wp-content\/uploads\/2025\/02\/corporate2-300x300.png 300w, http:\/\/sihirlilokmalar.com\/wp-content\/uploads\/2025\/02\/corporate2-150x150.png 150w, http:\/\/sihirlilokmalar.com\/wp-content\/uploads\/2025\/02\/corporate2.png 512w\" sizes=\"auto, (max-width: 300px) 100vw, 300px\" \/>\t\t\t\t\t<\/div>\n\t\t\t\t<\/div>\n\t\t\t<\/div>\n\t\t\t\t<div class=\"icon-box-text last-reset\">\n\t\t\t\t\t\t\t\t\t\n\t<div id=\"text-3382080633\" class=\"text\">\n\t\t\n<p><span style=\"font-size: 120%; color: #f99b1c;\"><strong>Konserler<\/strong>, <em>Film Setleri ve Etkinlikler<\/em><\/span><\/p>\n<p style=\"text-align: left;\">\u2705 Hijyenik ve yeni nesil paketleme sayesinde tazeli\u011fi korunur.<br \/>\u2705 Yerinde \u0131s\u0131tma \u00e7\u00f6z\u00fcmleri ile s\u0131cak ve doyurucu yemekler.<br \/>\u2705 Standart porsiyonlama ile pratik ve kolay t\u00fcketim.<br \/>\u2705 Her ortama uygun servis \u2013 Dar alanlarda bile sorunsuz sunum.<\/p>\n\t\t\n<style>\n#text-3382080633 {\n  color: rgb(255, 255, 255);\n}\n#text-3382080633 > * {\n  color: rgb(255, 255, 255);\n}\n<\/style>\n\t<\/div>\n\t\n\t<div id=\"gap-1117613320\" class=\"gap-element clearfix\" style=\"display:block; height:auto;\">\n\t\t\n<style>\n#gap-1117613320 {\n  padding-top: 25px;\n}\n<\/style>\n\t<\/div>\n\t\n<a class=\"button alert expand\"  style=\"border-radius:99px;padding:7px 30px 7px 30px;\">\n    <span>\u0130leti\u015fim \u0130\u00e7in<\/span>\n  <\/a>\n\n\t\t<\/div>\n\t<\/div>\n\t\n\t\n\t\t<\/div>\n\t\t\t\t\t<\/div>\n\n\t\n\n\t<div id=\"col-1288117411\" class=\"col medium-4 small-12 large-4\"  >\n\t\t\t\t<div class=\"col-inner\" style=\"background-color:rgb(4, 19, 33);\" >\n\t\t\t\n\t\t\t\n\n\t\t<div class=\"icon-box featured-box icon-box-center text-center\"  >\n\t\t\t\t\t<div class=\"icon-box-img\" style=\"width: 100px\">\n\t\t\t\t<div class=\"icon\">\n\t\t\t\t\t<div class=\"icon-inner\" style=\"color:rgb(217, 143, 143);\">\n\t\t\t\t\t\t<img loading=\"lazy\" decoding=\"async\" width=\"300\" height=\"300\" src=\"http:\/\/sihirlilokmalar.com\/wp-content\/uploads\/2025\/02\/corporate3-300x300.png\" class=\"attachment-medium size-medium\" alt=\"\" srcset=\"http:\/\/sihirlilokmalar.com\/wp-content\/uploads\/2025\/02\/corporate3-300x300.png 300w, http:\/\/sihirlilokmalar.com\/wp-content\/uploads\/2025\/02\/corporate3-150x150.png 150w, http:\/\/sihirlilokmalar.com\/wp-content\/uploads\/2025\/02\/corporate3.png 512w\" sizes=\"auto, (max-width: 300px) 100vw, 300px\" \/>\t\t\t\t\t<\/div>\n\t\t\t\t<\/div>\n\t\t\t<\/div>\n\t\t\t\t<div class=\"icon-box-text last-reset\">\n\t\t\t\t\t\t\t\t\t\n\t<div id=\"text-4226226217\" class=\"text\">\n\t\t\n<p><span style=\"font-size: 120%; color: #f99b1c;\">Neden <em><strong>Sihirli Lokmalar<\/strong><\/em>?<\/span><\/p>\n<p style=\"text-align: left;\">\u2705 11 Y\u0131ll\u0131k Deneyim \u2013 Kurumsal ve bireysel yemek hizmetlerinde uzman\u0131z.<br \/>\u2705 Taze ve Do\u011fal Malzemeler \u2013 G\u00fcnl\u00fck ve kaliteli i\u00e7erikler kullan\u0131yoruz.<br \/>\u2705 Hijyenik Paketleme \u2013 Yeni nesil g\u0131da g\u00fcvenli\u011fi y\u00f6ntemleriyle.<\/p>\n\t\t\n<style>\n#text-4226226217 {\n  color: rgb(255, 255, 255);\n}\n#text-4226226217 > * {\n  color: rgb(255, 255, 255);\n}\n<\/style>\n\t<\/div>\n\t\n\t<div id=\"gap-502275390\" class=\"gap-element clearfix\" style=\"display:block; height:auto;\">\n\t\t\n<style>\n#gap-502275390 {\n  padding-top: 80px;\n}\n<\/style>\n\t<\/div>\n\t\n<a class=\"button alert expand\"  style=\"border-radius:99px;padding:7px 30px 7px 30px;\">\n    <span>\u0130leti\u015fim \u0130\u00e7in<\/span>\n  <\/a>\n\n\t\t<\/div>\n\t<\/div>\n\t\n\t\n\t\t<\/div>\n\t\t\t\t\t<\/div>\n\n\t\n\n<style>\n#row-1199469969 > .col > .col-inner {\n  padding: 40px 40px 50px 40px;\n  background-color: rgb(255,255,255);\n  border-radius: 15px;\n}\n@media (min-width:550px) {\n  #row-1199469969 > .col > .col-inner {\n    padding: 20px 20px 40px 20px;\n  }\n}\n@media (min-width:850px) {\n  #row-1199469969 > .col > .col-inner {\n    padding: 40px 40px 40px 40px;\n  }\n}\n<\/style>\n<\/div>\n\t\t<\/div>\n\t\t\t\t\n<style>\n#col-967891297 > .col-inner {\n  margin: -190px 0px 0px 0px;\n}\n<\/style>\n\t<\/div>\n\n\t\n<\/div>\n\t\t<\/div>\n\n\t\t\n<style>\n#section_1052234555 {\n  padding-top: 40px;\n  padding-bottom: 40px;\n  background-color: rgb(146, 8, 8);\n}\n@media (min-width:850px) {\n  #section_1052234555 {\n    padding-top: 60px;\n    padding-bottom: 60px;\n  }\n}\n<\/style>\n\t<\/section>\n\t\n\t<div id=\"gap-598021991\" class=\"gap-element clearfix\" style=\"display:block; height:auto;\">\n\t\t\n<style>\n#gap-598021991 {\n  padding-top: 50px;\n}\n<\/style>\n\t<\/div>\n\t\n","protected":false},"excerpt":{"rendered":"","protected":false},"author":1,"featured_media":0,"parent":0,"menu_order":0,"comment_status":"closed","ping_status":"closed","template":"page-transparent-header-light.php","meta":{"footnotes":""},"class_list":["post-96","page","type-page","status-publish","hentry"],"_links":{"self":[{"href":"http:\/\/sihirlilokmalar.com\/index.php?rest_route=\/wp\/v2\/pages\/96","targetHints":{"allow":["GET"]}}],"collection":[{"href":"http:\/\/sihirlilokmalar.com\/index.php?rest_route=\/wp\/v2\/pages"}],"about":[{"href":"http:\/\/sihirlilokmalar.com\/index.php?rest_route=\/wp\/v2\/types\/page"}],"author":[{"embeddable":true,"href":"http:\/\/sihirlilokmalar.com\/index.php?rest_route=\/wp\/v2\/users\/1"}],"replies":[{"embeddable":true,"href":"http:\/\/sihirlilokmalar.com\/index.php?rest_route=%2Fwp%2Fv2%2Fcomments&post=96"}],"version-history":[{"count":26,"href":"http:\/\/sihirlilokmalar.com\/index.php?rest_route=\/wp\/v2\/pages\/96\/revisions"}],"predecessor-version":[{"id":239,"href":"http:\/\/sihirlilokmalar.com\/index.php?rest_route=\/wp\/v2\/pages\/96\/revisions\/239"}],"wp:attachment":[{"href":"http:\/\/sihirlilokmalar.com\/index.php?rest_route=%2Fwp%2Fv2%2Fmedia&parent=96"}],"curies":[{"name":"wp","href":"https:\/\/api.w.org\/{rel}","templated":true}]}}